{"id":3532,"date":"2022-07-08T10:33:36","date_gmt":"2022-07-08T08:33:36","guid":{"rendered":"https:\/\/esg.santander.pl\/2022\/?page_id=3532"},"modified":"2023-06-09T13:34:42","modified_gmt":"2023-06-09T11:34:42","slug":"wstep","status":"publish","type":"page","link":"https:\/\/esg.santander.pl\/2022\/relacje-z-interesariuszami-social\/relacje-ze-spoleczenstwem\/wstep\/","title":{"rendered":"Wst\u0119p"},"content":{"rendered":"","protected":false},"excerpt":{"rendered":"","protected":false},"author":11,"featured_media":0,"parent":1295,"menu_order":0,"comment_status":"closed","ping_status":"closed","template":"templates\/template-subpage.php","meta":{"_acf_changed":false,"footnotes":""},"dictionary":[],"class_list":["post-3532","page","type-page","status-publish","hentry"],"acf":[],"yoast_head":"<!-- This site is optimized with the Yoast SEO plugin v26.7 - https:\/\/yoast.com\/wordpress\/plugins\/seo\/ -->\n<title>Wst\u0119p - Raport ESG Santander 2022<\/title>\n<meta name=\"robots\" content=\"index, follow, max-snippet:-1, max-image-preview:large, max-video-preview:-1\" \/>\n<link rel=\"canonical\" href=\"https:\/\/esg.santander.pl\/2022\/relacje-z-interesariuszami-social\/relacje-ze-spoleczenstwem\/wstep\/\" \/>\n<meta property=\"og:locale\" content=\"pl_PL\" \/>\n<meta property=\"og:type\" content=\"article\" \/>\n<meta property=\"og:title\" content=\"Wst\u0119p - Raport ESG Santander 2022\" \/>\n<meta property=\"og:url\" content=\"https:\/\/esg.santander.pl\/2022\/relacje-z-interesariuszami-social\/relacje-ze-spoleczenstwem\/wstep\/\" \/>\n<meta property=\"og:site_name\" content=\"Raport ESG Santander 2022\" \/>\n<meta property=\"article:modified_time\" content=\"2023-06-09T11:34:42+00:00\" \/>\n<meta property=\"og:image\" content=\"https:\/\/esg.santander.pl\/2022\/wp-content\/uploads\/sites\/15\/2023\/06\/PLSANTANDERMockupRaport1920x1080.jpg\" \/>\n\t<meta property=\"og:image:width\" content=\"1920\" \/>\n\t<meta property=\"og:image:height\" content=\"1080\" \/>\n\t<meta property=\"og:image:type\" content=\"image\/jpeg\" \/>\n<meta name=\"twitter:card\" content=\"summary_large_image\" \/>\n<script type=\"application\/ld+json\" class=\"yoast-schema-graph\">{\"@context\":\"https:\/\/schema.org\",\"@graph\":[{\"@type\":\"WebPage\",\"@id\":\"https:\/\/esg.santander.pl\/2022\/relacje-z-interesariuszami-social\/relacje-ze-spoleczenstwem\/wstep\/\",\"url\":\"https:\/\/esg.santander.pl\/2022\/relacje-z-interesariuszami-social\/relacje-ze-spoleczenstwem\/wstep\/\",\"name\":\"Wst\u0119p - Raport ESG Santander 2022\",\"isPartOf\":{\"@id\":\"https:\/\/esg.santander.pl\/2022\/#website\"},\"datePublished\":\"2022-07-08T08:33:36+00:00\",\"dateModified\":\"2023-06-09T11:34:42+00:00\",\"breadcrumb\":{\"@id\":\"https:\/\/esg.santander.pl\/2022\/relacje-z-interesariuszami-social\/relacje-ze-spoleczenstwem\/wstep\/#breadcrumb\"},\"inLanguage\":\"pl-PL\",\"potentialAction\":[{\"@type\":\"ReadAction\",\"target\":[\"https:\/\/esg.santander.pl\/2022\/relacje-z-interesariuszami-social\/relacje-ze-spoleczenstwem\/wstep\/\"]}]},{\"@type\":\"BreadcrumbList\",\"@id\":\"https:\/\/esg.santander.pl\/2022\/relacje-z-interesariuszami-social\/relacje-ze-spoleczenstwem\/wstep\/#breadcrumb\",\"itemListElement\":[{\"@type\":\"ListItem\",\"position\":1,\"name\":\"Strona g\u0142\u00f3wna\",\"item\":\"https:\/\/esg.santander.pl\/2022\/\"},{\"@type\":\"ListItem\",\"position\":2,\"name\":\"Relacje z interesariuszami \u2013 Social\",\"item\":\"https:\/\/esg.santander.pl\/2022\/relacje-z-interesariuszami-social\/\"},{\"@type\":\"ListItem\",\"position\":3,\"name\":\"Relacje ze spo\u0142ecze\u0144stwem\",\"item\":\"https:\/\/esg.santander.pl\/2022\/relacje-z-interesariuszami-social\/relacje-ze-spoleczenstwem\/\"},{\"@type\":\"ListItem\",\"position\":4,\"name\":\"Wst\u0119p\"}]},{\"@type\":\"WebSite\",\"@id\":\"https:\/\/esg.santander.pl\/2022\/#website\",\"url\":\"https:\/\/esg.santander.pl\/2022\/\",\"name\":\"Raport ESG Santander 2022\",\"description\":\"Przed polskim sektorem bankowym nadal wiele wyzwa\u0144. Ale niezale\u017cnie od nich Grupa Santander Bank Polska, w tym Bank nadal b\u0119d\u0105 konsekwentnie realizowa\u0107 swoj\u0105 Agend\u0119 Odpowiedzialnej Bankowo\u015bci, prowadz\u0105c ambitne i zaawansowane projekty w obszarze ESG.\",\"potentialAction\":[{\"@type\":\"SearchAction\",\"target\":{\"@type\":\"EntryPoint\",\"urlTemplate\":\"https:\/\/esg.santander.pl\/2022\/?s={search_term_string}\"},\"query-input\":{\"@type\":\"PropertyValueSpecification\",\"valueRequired\":true,\"valueName\":\"search_term_string\"}}],\"inLanguage\":\"pl-PL\"}]}<\/script>\n<!-- \/ Yoast SEO plugin. -->","yoast_head_json":{"title":"Wst\u0119p - Raport ESG Santander 2022","robots":{"index":"index","follow":"follow","max-snippet":"max-snippet:-1","max-image-preview":"max-image-preview:large","max-video-preview":"max-video-preview:-1"},"canonical":"https:\/\/esg.santander.pl\/2022\/relacje-z-interesariuszami-social\/relacje-ze-spoleczenstwem\/wstep\/","og_locale":"pl_PL","og_type":"article","og_title":"Wst\u0119p - Raport ESG Santander 2022","og_url":"https:\/\/esg.santander.pl\/2022\/relacje-z-interesariuszami-social\/relacje-ze-spoleczenstwem\/wstep\/","og_site_name":"Raport ESG Santander 2022","article_modified_time":"2023-06-09T11:34:42+00:00","og_image":[{"width":1920,"height":1080,"url":"https:\/\/esg.santander.pl\/2022\/wp-content\/uploads\/sites\/15\/2023\/06\/PLSANTANDERMockupRaport1920x1080.jpg","type":"image\/jpeg"}],"twitter_card":"summary_large_image","schema":{"@context":"https:\/\/schema.org","@graph":[{"@type":"WebPage","@id":"https:\/\/esg.santander.pl\/2022\/relacje-z-interesariuszami-social\/relacje-ze-spoleczenstwem\/wstep\/","url":"https:\/\/esg.santander.pl\/2022\/relacje-z-interesariuszami-social\/relacje-ze-spoleczenstwem\/wstep\/","name":"Wst\u0119p - Raport ESG Santander 2022","isPartOf":{"@id":"https:\/\/esg.santander.pl\/2022\/#website"},"datePublished":"2022-07-08T08:33:36+00:00","dateModified":"2023-06-09T11:34:42+00:00","breadcrumb":{"@id":"https:\/\/esg.santander.pl\/2022\/relacje-z-interesariuszami-social\/relacje-ze-spoleczenstwem\/wstep\/#breadcrumb"},"inLanguage":"pl-PL","potentialAction":[{"@type":"ReadAction","target":["https:\/\/esg.santander.pl\/2022\/relacje-z-interesariuszami-social\/relacje-ze-spoleczenstwem\/wstep\/"]}]},{"@type":"BreadcrumbList","@id":"https:\/\/esg.santander.pl\/2022\/relacje-z-interesariuszami-social\/relacje-ze-spoleczenstwem\/wstep\/#breadcrumb","itemListElement":[{"@type":"ListItem","position":1,"name":"Strona g\u0142\u00f3wna","item":"https:\/\/esg.santander.pl\/2022\/"},{"@type":"ListItem","position":2,"name":"Relacje z interesariuszami \u2013 Social","item":"https:\/\/esg.santander.pl\/2022\/relacje-z-interesariuszami-social\/"},{"@type":"ListItem","position":3,"name":"Relacje ze spo\u0142ecze\u0144stwem","item":"https:\/\/esg.santander.pl\/2022\/relacje-z-interesariuszami-social\/relacje-ze-spoleczenstwem\/"},{"@type":"ListItem","position":4,"name":"Wst\u0119p"}]},{"@type":"WebSite","@id":"https:\/\/esg.santander.pl\/2022\/#website","url":"https:\/\/esg.santander.pl\/2022\/","name":"Raport ESG Santander 2022","description":"Przed polskim sektorem bankowym nadal wiele wyzwa\u0144. Ale niezale\u017cnie od nich Grupa Santander Bank Polska, w tym Bank nadal b\u0119d\u0105 konsekwentnie realizowa\u0107 swoj\u0105 Agend\u0119 Odpowiedzialnej Bankowo\u015bci, prowadz\u0105c ambitne i zaawansowane projekty w obszarze ESG.","potentialAction":[{"@type":"SearchAction","target":{"@type":"EntryPoint","urlTemplate":"https:\/\/esg.santander.pl\/2022\/?s={search_term_string}"},"query-input":{"@type":"PropertyValueSpecification","valueRequired":true,"valueName":"search_term_string"}}],"inLanguage":"pl-PL"}]}},"_links":{"self":[{"href":"https:\/\/esg.santander.pl\/2022\/wp-json\/wp\/v2\/pages\/3532","targetHints":{"allow":["GET"]}}],"collection":[{"href":"https:\/\/esg.santander.pl\/2022\/wp-json\/wp\/v2\/pages"}],"about":[{"href":"https:\/\/esg.santander.pl\/2022\/wp-json\/wp\/v2\/types\/page"}],"author":[{"embeddable":true,"href":"https:\/\/esg.santander.pl\/2022\/wp-json\/wp\/v2\/users\/11"}],"replies":[{"embeddable":true,"href":"https:\/\/esg.santander.pl\/2022\/wp-json\/wp\/v2\/comments?post=3532"}],"version-history":[{"count":11,"href":"https:\/\/esg.santander.pl\/2022\/wp-json\/wp\/v2\/pages\/3532\/revisions"}],"predecessor-version":[{"id":7237,"href":"https:\/\/esg.santander.pl\/2022\/wp-json\/wp\/v2\/pages\/3532\/revisions\/7237"}],"up":[{"embeddable":true,"href":"https:\/\/esg.santander.pl\/2022\/wp-json\/wp\/v2\/pages\/1295"}],"wp:attachment":[{"href":"https:\/\/esg.santander.pl\/2022\/wp-json\/wp\/v2\/media?parent=3532"}],"wp:term":[{"taxonomy":"dictionary","embeddable":true,"href":"https:\/\/esg.santander.pl\/2022\/wp-json\/wp\/v2\/dictionary?post=3532"}],"curies":[{"name":"wp","href":"https:\/\/api.w.org\/{rel}","templated":true}]}}