{"id":918,"date":"2024-04-29T14:08:53","date_gmt":"2024-04-29T12:08:53","guid":{"rendered":"https:\/\/esg.santander.pl\/2023\/?page_id=918"},"modified":"2024-05-06T12:12:06","modified_gmt":"2024-05-06T10:12:06","slug":"benefity","status":"publish","type":"page","link":"https:\/\/esg.santander.pl\/2023\/relacje-z-interesariuszami-social\/relacje-z-pracownikami\/benefity\/","title":{"rendered":"Benefity"},"content":{"rendered":"","protected":false},"excerpt":{"rendered":"","protected":false},"author":11,"featured_media":0,"parent":908,"menu_order":0,"comment_status":"closed","ping_status":"closed","template":"","meta":{"_acf_changed":false,"footnotes":""},"dictionary":[],"class_list":["post-918","page","type-page","status-publish","hentry"],"acf":[],"yoast_head":"<!-- This site is optimized with the Yoast SEO plugin v26.7 - https:\/\/yoast.com\/wordpress\/plugins\/seo\/ -->\n<title>Benefity - Raport ESG Santander 2023<\/title>\n<meta name=\"robots\" content=\"index, follow, max-snippet:-1, max-image-preview:large, max-video-preview:-1\" \/>\n<link rel=\"canonical\" href=\"https:\/\/esg.santander.pl\/2023\/relacje-z-interesariuszami-social\/relacje-z-pracownikami\/benefity\/\" \/>\n<meta property=\"og:locale\" content=\"pl_PL\" \/>\n<meta property=\"og:type\" content=\"article\" \/>\n<meta property=\"og:title\" content=\"Benefity - Raport ESG Santander 2023\" \/>\n<meta property=\"og:url\" content=\"https:\/\/esg.santander.pl\/2023\/relacje-z-interesariuszami-social\/relacje-z-pracownikami\/benefity\/\" \/>\n<meta property=\"og:site_name\" content=\"Raport ESG Santander 2023\" \/>\n<meta property=\"article:modified_time\" content=\"2024-05-06T10:12:06+00:00\" \/>\n<meta property=\"og:image\" content=\"https:\/\/esg.santander.pl\/2023\/wp-content\/uploads\/sites\/17\/2024\/05\/SantandermockupEN1200x675.jpg\" \/>\n\t<meta property=\"og:image:width\" content=\"1200\" \/>\n\t<meta property=\"og:image:height\" content=\"675\" \/>\n\t<meta property=\"og:image:type\" content=\"image\/jpeg\" \/>\n<meta name=\"twitter:card\" content=\"summary_large_image\" \/>\n<script type=\"application\/ld+json\" class=\"yoast-schema-graph\">{\"@context\":\"https:\/\/schema.org\",\"@graph\":[{\"@type\":\"WebPage\",\"@id\":\"https:\/\/esg.santander.pl\/2023\/relacje-z-interesariuszami-social\/relacje-z-pracownikami\/benefity\/\",\"url\":\"https:\/\/esg.santander.pl\/2023\/relacje-z-interesariuszami-social\/relacje-z-pracownikami\/benefity\/\",\"name\":\"Benefity - Raport ESG Santander 2023\",\"isPartOf\":{\"@id\":\"https:\/\/esg.santander.pl\/2023\/#website\"},\"datePublished\":\"2024-04-29T12:08:53+00:00\",\"dateModified\":\"2024-05-06T10:12:06+00:00\",\"breadcrumb\":{\"@id\":\"https:\/\/esg.santander.pl\/2023\/relacje-z-interesariuszami-social\/relacje-z-pracownikami\/benefity\/#breadcrumb\"},\"inLanguage\":\"pl-PL\",\"potentialAction\":[{\"@type\":\"ReadAction\",\"target\":[\"https:\/\/esg.santander.pl\/2023\/relacje-z-interesariuszami-social\/relacje-z-pracownikami\/benefity\/\"]}]},{\"@type\":\"BreadcrumbList\",\"@id\":\"https:\/\/esg.santander.pl\/2023\/relacje-z-interesariuszami-social\/relacje-z-pracownikami\/benefity\/#breadcrumb\",\"itemListElement\":[{\"@type\":\"ListItem\",\"position\":1,\"name\":\"Strona g\u0142\u00f3wna\",\"item\":\"https:\/\/esg.santander.pl\/2023\/\"},{\"@type\":\"ListItem\",\"position\":2,\"name\":\"Relacje z interesariuszami &#8211; Social\",\"item\":\"https:\/\/esg.santander.pl\/2023\/relacje-z-interesariuszami-social\/\"},{\"@type\":\"ListItem\",\"position\":3,\"name\":\"Relacje z pracownikami\",\"item\":\"https:\/\/esg.santander.pl\/2023\/relacje-z-interesariuszami-social\/relacje-z-pracownikami\/\"},{\"@type\":\"ListItem\",\"position\":4,\"name\":\"Benefity\"}]},{\"@type\":\"WebSite\",\"@id\":\"https:\/\/esg.santander.pl\/2023\/#website\",\"url\":\"https:\/\/esg.santander.pl\/2023\/\",\"name\":\"Raport ESG Santander 2023\",\"description\":\"Realizacja naszej strategii ESG jest i b\u0119dzie dla nas priorytetem zar\u00f3wno w codziennej pracy, jak i w planowaniu d\u0142ugoterminowym.\",\"potentialAction\":[{\"@type\":\"SearchAction\",\"target\":{\"@type\":\"EntryPoint\",\"urlTemplate\":\"https:\/\/esg.santander.pl\/2023\/?s={search_term_string}\"},\"query-input\":{\"@type\":\"PropertyValueSpecification\",\"valueRequired\":true,\"valueName\":\"search_term_string\"}}],\"inLanguage\":\"pl-PL\"}]}<\/script>\n<!-- \/ Yoast SEO plugin. -->","yoast_head_json":{"title":"Benefity - Raport ESG Santander 2023","robots":{"index":"index","follow":"follow","max-snippet":"max-snippet:-1","max-image-preview":"max-image-preview:large","max-video-preview":"max-video-preview:-1"},"canonical":"https:\/\/esg.santander.pl\/2023\/relacje-z-interesariuszami-social\/relacje-z-pracownikami\/benefity\/","og_locale":"pl_PL","og_type":"article","og_title":"Benefity - Raport ESG Santander 2023","og_url":"https:\/\/esg.santander.pl\/2023\/relacje-z-interesariuszami-social\/relacje-z-pracownikami\/benefity\/","og_site_name":"Raport ESG Santander 2023","article_modified_time":"2024-05-06T10:12:06+00:00","og_image":[{"width":1200,"height":675,"url":"https:\/\/esg.santander.pl\/2023\/wp-content\/uploads\/sites\/17\/2024\/05\/SantandermockupEN1200x675.jpg","type":"image\/jpeg"}],"twitter_card":"summary_large_image","schema":{"@context":"https:\/\/schema.org","@graph":[{"@type":"WebPage","@id":"https:\/\/esg.santander.pl\/2023\/relacje-z-interesariuszami-social\/relacje-z-pracownikami\/benefity\/","url":"https:\/\/esg.santander.pl\/2023\/relacje-z-interesariuszami-social\/relacje-z-pracownikami\/benefity\/","name":"Benefity - Raport ESG Santander 2023","isPartOf":{"@id":"https:\/\/esg.santander.pl\/2023\/#website"},"datePublished":"2024-04-29T12:08:53+00:00","dateModified":"2024-05-06T10:12:06+00:00","breadcrumb":{"@id":"https:\/\/esg.santander.pl\/2023\/relacje-z-interesariuszami-social\/relacje-z-pracownikami\/benefity\/#breadcrumb"},"inLanguage":"pl-PL","potentialAction":[{"@type":"ReadAction","target":["https:\/\/esg.santander.pl\/2023\/relacje-z-interesariuszami-social\/relacje-z-pracownikami\/benefity\/"]}]},{"@type":"BreadcrumbList","@id":"https:\/\/esg.santander.pl\/2023\/relacje-z-interesariuszami-social\/relacje-z-pracownikami\/benefity\/#breadcrumb","itemListElement":[{"@type":"ListItem","position":1,"name":"Strona g\u0142\u00f3wna","item":"https:\/\/esg.santander.pl\/2023\/"},{"@type":"ListItem","position":2,"name":"Relacje z interesariuszami &#8211; Social","item":"https:\/\/esg.santander.pl\/2023\/relacje-z-interesariuszami-social\/"},{"@type":"ListItem","position":3,"name":"Relacje z pracownikami","item":"https:\/\/esg.santander.pl\/2023\/relacje-z-interesariuszami-social\/relacje-z-pracownikami\/"},{"@type":"ListItem","position":4,"name":"Benefity"}]},{"@type":"WebSite","@id":"https:\/\/esg.santander.pl\/2023\/#website","url":"https:\/\/esg.santander.pl\/2023\/","name":"Raport ESG Santander 2023","description":"Realizacja naszej strategii ESG jest i b\u0119dzie dla nas priorytetem zar\u00f3wno w codziennej pracy, jak i w planowaniu d\u0142ugoterminowym.","potentialAction":[{"@type":"SearchAction","target":{"@type":"EntryPoint","urlTemplate":"https:\/\/esg.santander.pl\/2023\/?s={search_term_string}"},"query-input":{"@type":"PropertyValueSpecification","valueRequired":true,"valueName":"search_term_string"}}],"inLanguage":"pl-PL"}]}},"_links":{"self":[{"href":"https:\/\/esg.santander.pl\/2023\/wp-json\/wp\/v2\/pages\/918","targetHints":{"allow":["GET"]}}],"collection":[{"href":"https:\/\/esg.santander.pl\/2023\/wp-json\/wp\/v2\/pages"}],"about":[{"href":"https:\/\/esg.santander.pl\/2023\/wp-json\/wp\/v2\/types\/page"}],"author":[{"embeddable":true,"href":"https:\/\/esg.santander.pl\/2023\/wp-json\/wp\/v2\/users\/11"}],"replies":[{"embeddable":true,"href":"https:\/\/esg.santander.pl\/2023\/wp-json\/wp\/v2\/comments?post=918"}],"version-history":[{"count":6,"href":"https:\/\/esg.santander.pl\/2023\/wp-json\/wp\/v2\/pages\/918\/revisions"}],"predecessor-version":[{"id":1997,"href":"https:\/\/esg.santander.pl\/2023\/wp-json\/wp\/v2\/pages\/918\/revisions\/1997"}],"up":[{"embeddable":true,"href":"https:\/\/esg.santander.pl\/2023\/wp-json\/wp\/v2\/pages\/908"}],"wp:attachment":[{"href":"https:\/\/esg.santander.pl\/2023\/wp-json\/wp\/v2\/media?parent=918"}],"wp:term":[{"taxonomy":"dictionary","embeddable":true,"href":"https:\/\/esg.santander.pl\/2023\/wp-json\/wp\/v2\/dictionary?post=918"}],"curies":[{"name":"wp","href":"https:\/\/api.w.org\/{rel}","templated":true}]}}