{"id":2684,"date":"2025-06-25T14:14:59","date_gmt":"2025-06-25T12:14:59","guid":{"rendered":"https:\/\/esg.santander.pl\/2024\/?page_id=2684"},"modified":"2025-07-07T12:24:14","modified_gmt":"2025-07-07T10:24:14","slug":"list-michala-gajewskiego-ceo-santander-bank-polska-s-a","status":"publish","type":"page","link":"https:\/\/esg.santander.pl\/2024\/zrownowazony-rozwoj-w-grupie\/zrownowazony-rozwoj-w-santander-bank-polska\/list-michala-gajewskiego-ceo-santander-bank-polska-s-a\/","title":{"rendered":"List Micha\u0142a Gajewskiego \u2013 CEO Santander Bank Polska S.A."},"content":{"rendered":"","protected":false},"excerpt":{"rendered":"","protected":false},"author":1,"featured_media":0,"parent":2682,"menu_order":0,"comment_status":"closed","ping_status":"closed","template":"","meta":{"_acf_changed":false,"footnotes":""},"dictionary":[],"class_list":["post-2684","page","type-page","status-publish","hentry"],"acf":[],"yoast_head":"<!-- This site is optimized with the Yoast SEO plugin v26.7 - https:\/\/yoast.com\/wordpress\/plugins\/seo\/ -->\n<title>List Micha\u0142a Gajewskiego \u2013 CEO Santander Bank Polska S.A. - Raport ESG Santander 2024<\/title>\n<meta name=\"robots\" content=\"index, follow, max-snippet:-1, max-image-preview:large, max-video-preview:-1\" \/>\n<link rel=\"canonical\" href=\"https:\/\/esg.santander.pl\/2024\/zrownowazony-rozwoj-w-grupie\/zrownowazony-rozwoj-w-santander-bank-polska\/list-michala-gajewskiego-ceo-santander-bank-polska-s-a\/\" \/>\n<meta property=\"og:locale\" content=\"pl_PL\" \/>\n<meta property=\"og:type\" content=\"article\" \/>\n<meta property=\"og:title\" content=\"List Micha\u0142a Gajewskiego \u2013 CEO Santander Bank Polska S.A. - Raport ESG Santander 2024\" \/>\n<meta property=\"og:url\" content=\"https:\/\/esg.santander.pl\/2024\/zrownowazony-rozwoj-w-grupie\/zrownowazony-rozwoj-w-santander-bank-polska\/list-michala-gajewskiego-ceo-santander-bank-polska-s-a\/\" \/>\n<meta property=\"og:site_name\" content=\"Raport ESG Santander 2024\" \/>\n<meta property=\"article:modified_time\" content=\"2025-07-07T10:24:14+00:00\" \/>\n<meta name=\"twitter:card\" content=\"summary_large_image\" \/>\n<script type=\"application\/ld+json\" class=\"yoast-schema-graph\">{\"@context\":\"https:\/\/schema.org\",\"@graph\":[{\"@type\":\"WebPage\",\"@id\":\"https:\/\/esg.santander.pl\/2024\/zrownowazony-rozwoj-w-grupie\/zrownowazony-rozwoj-w-santander-bank-polska\/list-michala-gajewskiego-ceo-santander-bank-polska-s-a\/\",\"url\":\"https:\/\/esg.santander.pl\/2024\/zrownowazony-rozwoj-w-grupie\/zrownowazony-rozwoj-w-santander-bank-polska\/list-michala-gajewskiego-ceo-santander-bank-polska-s-a\/\",\"name\":\"List Micha\u0142a Gajewskiego \u2013 CEO Santander Bank Polska S.A. - Raport ESG Santander 2024\",\"isPartOf\":{\"@id\":\"https:\/\/esg.santander.pl\/2024\/#website\"},\"datePublished\":\"2025-06-25T12:14:59+00:00\",\"dateModified\":\"2025-07-07T10:24:14+00:00\",\"breadcrumb\":{\"@id\":\"https:\/\/esg.santander.pl\/2024\/zrownowazony-rozwoj-w-grupie\/zrownowazony-rozwoj-w-santander-bank-polska\/list-michala-gajewskiego-ceo-santander-bank-polska-s-a\/#breadcrumb\"},\"inLanguage\":\"pl-PL\",\"potentialAction\":[{\"@type\":\"ReadAction\",\"target\":[\"https:\/\/esg.santander.pl\/2024\/zrownowazony-rozwoj-w-grupie\/zrownowazony-rozwoj-w-santander-bank-polska\/list-michala-gajewskiego-ceo-santander-bank-polska-s-a\/\"]}]},{\"@type\":\"BreadcrumbList\",\"@id\":\"https:\/\/esg.santander.pl\/2024\/zrownowazony-rozwoj-w-grupie\/zrownowazony-rozwoj-w-santander-bank-polska\/list-michala-gajewskiego-ceo-santander-bank-polska-s-a\/#breadcrumb\",\"itemListElement\":[{\"@type\":\"ListItem\",\"position\":1,\"name\":\"Strona g\u0142\u00f3wna\",\"item\":\"https:\/\/esg.santander.pl\/2024\/\"},{\"@type\":\"ListItem\",\"position\":2,\"name\":\"Zr\u00f3wnowa\u017cony rozw\u00f3j w Grupie\",\"item\":\"https:\/\/esg.santander.pl\/2024\/zrownowazony-rozwoj-w-grupie\/\"},{\"@type\":\"ListItem\",\"position\":3,\"name\":\"Zr\u00f3wnowa\u017cony rozw\u00f3j w Santander Bank Polska\",\"item\":\"https:\/\/esg.santander.pl\/2024\/zrownowazony-rozwoj-w-grupie\/zrownowazony-rozwoj-w-santander-bank-polska\/\"},{\"@type\":\"ListItem\",\"position\":4,\"name\":\"List Micha\u0142a Gajewskiego \u2013 CEO Santander Bank Polska S.A.\"}]},{\"@type\":\"WebSite\",\"@id\":\"https:\/\/esg.santander.pl\/2024\/#website\",\"url\":\"https:\/\/esg.santander.pl\/2024\/\",\"name\":\"Raport ESG Santander 2024\",\"description\":\"Strategia Grupy Kapita\u0142owej Santander Bank Polska S.A. na lata 2024-2026 wprowadza nowe kierunki rozwoju, zachowuj\u0105c niezmienne od lat fundamenty w postaci misji, wizji i warto\u015bci, kt\u00f3re towarzysz\u0105 naszej codziennej pracy. Strategia jest oparta na trzech kierunkach: Total Do\u015bwiadczenie, Total Digitalizacja, Total Odpowiedzialno\u015b\u0107.\",\"potentialAction\":[{\"@type\":\"SearchAction\",\"target\":{\"@type\":\"EntryPoint\",\"urlTemplate\":\"https:\/\/esg.santander.pl\/2024\/?s={search_term_string}\"},\"query-input\":{\"@type\":\"PropertyValueSpecification\",\"valueRequired\":true,\"valueName\":\"search_term_string\"}}],\"inLanguage\":\"pl-PL\"}]}<\/script>\n<!-- \/ Yoast SEO plugin. -->","yoast_head_json":{"title":"List Micha\u0142a Gajewskiego \u2013 CEO Santander Bank Polska S.A. - Raport ESG Santander 2024","robots":{"index":"index","follow":"follow","max-snippet":"max-snippet:-1","max-image-preview":"max-image-preview:large","max-video-preview":"max-video-preview:-1"},"canonical":"https:\/\/esg.santander.pl\/2024\/zrownowazony-rozwoj-w-grupie\/zrownowazony-rozwoj-w-santander-bank-polska\/list-michala-gajewskiego-ceo-santander-bank-polska-s-a\/","og_locale":"pl_PL","og_type":"article","og_title":"List Micha\u0142a Gajewskiego \u2013 CEO Santander Bank Polska S.A. - Raport ESG Santander 2024","og_url":"https:\/\/esg.santander.pl\/2024\/zrownowazony-rozwoj-w-grupie\/zrownowazony-rozwoj-w-santander-bank-polska\/list-michala-gajewskiego-ceo-santander-bank-polska-s-a\/","og_site_name":"Raport ESG Santander 2024","article_modified_time":"2025-07-07T10:24:14+00:00","twitter_card":"summary_large_image","schema":{"@context":"https:\/\/schema.org","@graph":[{"@type":"WebPage","@id":"https:\/\/esg.santander.pl\/2024\/zrownowazony-rozwoj-w-grupie\/zrownowazony-rozwoj-w-santander-bank-polska\/list-michala-gajewskiego-ceo-santander-bank-polska-s-a\/","url":"https:\/\/esg.santander.pl\/2024\/zrownowazony-rozwoj-w-grupie\/zrownowazony-rozwoj-w-santander-bank-polska\/list-michala-gajewskiego-ceo-santander-bank-polska-s-a\/","name":"List Micha\u0142a Gajewskiego \u2013 CEO Santander Bank Polska S.A. - Raport ESG Santander 2024","isPartOf":{"@id":"https:\/\/esg.santander.pl\/2024\/#website"},"datePublished":"2025-06-25T12:14:59+00:00","dateModified":"2025-07-07T10:24:14+00:00","breadcrumb":{"@id":"https:\/\/esg.santander.pl\/2024\/zrownowazony-rozwoj-w-grupie\/zrownowazony-rozwoj-w-santander-bank-polska\/list-michala-gajewskiego-ceo-santander-bank-polska-s-a\/#breadcrumb"},"inLanguage":"pl-PL","potentialAction":[{"@type":"ReadAction","target":["https:\/\/esg.santander.pl\/2024\/zrownowazony-rozwoj-w-grupie\/zrownowazony-rozwoj-w-santander-bank-polska\/list-michala-gajewskiego-ceo-santander-bank-polska-s-a\/"]}]},{"@type":"BreadcrumbList","@id":"https:\/\/esg.santander.pl\/2024\/zrownowazony-rozwoj-w-grupie\/zrownowazony-rozwoj-w-santander-bank-polska\/list-michala-gajewskiego-ceo-santander-bank-polska-s-a\/#breadcrumb","itemListElement":[{"@type":"ListItem","position":1,"name":"Strona g\u0142\u00f3wna","item":"https:\/\/esg.santander.pl\/2024\/"},{"@type":"ListItem","position":2,"name":"Zr\u00f3wnowa\u017cony rozw\u00f3j w Grupie","item":"https:\/\/esg.santander.pl\/2024\/zrownowazony-rozwoj-w-grupie\/"},{"@type":"ListItem","position":3,"name":"Zr\u00f3wnowa\u017cony rozw\u00f3j w Santander Bank Polska","item":"https:\/\/esg.santander.pl\/2024\/zrownowazony-rozwoj-w-grupie\/zrownowazony-rozwoj-w-santander-bank-polska\/"},{"@type":"ListItem","position":4,"name":"List Micha\u0142a Gajewskiego \u2013 CEO Santander Bank Polska S.A."}]},{"@type":"WebSite","@id":"https:\/\/esg.santander.pl\/2024\/#website","url":"https:\/\/esg.santander.pl\/2024\/","name":"Raport ESG Santander 2024","description":"Strategia Grupy Kapita\u0142owej Santander Bank Polska S.A. na lata 2024-2026 wprowadza nowe kierunki rozwoju, zachowuj\u0105c niezmienne od lat fundamenty w postaci misji, wizji i warto\u015bci, kt\u00f3re towarzysz\u0105 naszej codziennej pracy. Strategia jest oparta na trzech kierunkach: Total Do\u015bwiadczenie, Total Digitalizacja, Total Odpowiedzialno\u015b\u0107.","potentialAction":[{"@type":"SearchAction","target":{"@type":"EntryPoint","urlTemplate":"https:\/\/esg.santander.pl\/2024\/?s={search_term_string}"},"query-input":{"@type":"PropertyValueSpecification","valueRequired":true,"valueName":"search_term_string"}}],"inLanguage":"pl-PL"}]}},"_links":{"self":[{"href":"https:\/\/esg.santander.pl\/2024\/wp-json\/wp\/v2\/pages\/2684","targetHints":{"allow":["GET"]}}],"collection":[{"href":"https:\/\/esg.santander.pl\/2024\/wp-json\/wp\/v2\/pages"}],"about":[{"href":"https:\/\/esg.santander.pl\/2024\/wp-json\/wp\/v2\/types\/page"}],"author":[{"embeddable":true,"href":"https:\/\/esg.santander.pl\/2024\/wp-json\/wp\/v2\/users\/1"}],"replies":[{"embeddable":true,"href":"https:\/\/esg.santander.pl\/2024\/wp-json\/wp\/v2\/comments?post=2684"}],"version-history":[{"count":3,"href":"https:\/\/esg.santander.pl\/2024\/wp-json\/wp\/v2\/pages\/2684\/revisions"}],"predecessor-version":[{"id":2693,"href":"https:\/\/esg.santander.pl\/2024\/wp-json\/wp\/v2\/pages\/2684\/revisions\/2693"}],"up":[{"embeddable":true,"href":"https:\/\/esg.santander.pl\/2024\/wp-json\/wp\/v2\/pages\/2682"}],"wp:attachment":[{"href":"https:\/\/esg.santander.pl\/2024\/wp-json\/wp\/v2\/media?parent=2684"}],"wp:term":[{"taxonomy":"dictionary","embeddable":true,"href":"https:\/\/esg.santander.pl\/2024\/wp-json\/wp\/v2\/dictionary?post=2684"}],"curies":[{"name":"wp","href":"https:\/\/api.w.org\/{rel}","templated":true}]}}