{"id":272,"date":"2025-04-28T13:59:47","date_gmt":"2025-04-28T11:59:47","guid":{"rendered":"https:\/\/esg.santander.pl\/2024\/?page_id=272"},"modified":"2025-04-28T13:59:47","modified_gmt":"2025-04-28T11:59:47","slug":"notatki","status":"publish","type":"page","link":"https:\/\/esg.santander.pl\/2024\/notatki\/","title":{"rendered":"Notatki"},"content":{"rendered":"","protected":false},"excerpt":{"rendered":"","protected":false},"author":1,"featured_media":0,"parent":0,"menu_order":0,"comment_status":"closed","ping_status":"closed","template":"templates\/template-notes.php","meta":{"_acf_changed":false,"footnotes":""},"dictionary":[],"class_list":["post-272","page","type-page","status-publish","hentry"],"acf":[],"yoast_head":"<!-- This site is optimized with the Yoast SEO plugin v26.7 - https:\/\/yoast.com\/wordpress\/plugins\/seo\/ -->\n<title>Notatki - Raport ESG Santander 2024<\/title>\n<meta name=\"robots\" content=\"index, follow, max-snippet:-1, max-image-preview:large, max-video-preview:-1\" \/>\n<link rel=\"canonical\" href=\"https:\/\/esg.santander.pl\/2024\/notatki\/\" \/>\n<meta property=\"og:locale\" content=\"pl_PL\" \/>\n<meta property=\"og:type\" content=\"article\" \/>\n<meta property=\"og:title\" content=\"Notatki - Raport ESG Santander 2024\" \/>\n<meta property=\"og:url\" content=\"https:\/\/esg.santander.pl\/2024\/notatki\/\" \/>\n<meta property=\"og:site_name\" content=\"Raport ESG Santander 2024\" \/>\n<meta name=\"twitter:card\" content=\"summary_large_image\" \/>\n<script type=\"application\/ld+json\" class=\"yoast-schema-graph\">{\"@context\":\"https:\/\/schema.org\",\"@graph\":[{\"@type\":\"WebPage\",\"@id\":\"https:\/\/esg.santander.pl\/2024\/notatki\/\",\"url\":\"https:\/\/esg.santander.pl\/2024\/notatki\/\",\"name\":\"Notatki - Raport ESG Santander 2024\",\"isPartOf\":{\"@id\":\"https:\/\/esg.santander.pl\/2024\/#website\"},\"datePublished\":\"2025-04-28T11:59:47+00:00\",\"breadcrumb\":{\"@id\":\"https:\/\/esg.santander.pl\/2024\/notatki\/#breadcrumb\"},\"inLanguage\":\"pl-PL\",\"potentialAction\":[{\"@type\":\"ReadAction\",\"target\":[\"https:\/\/esg.santander.pl\/2024\/notatki\/\"]}]},{\"@type\":\"BreadcrumbList\",\"@id\":\"https:\/\/esg.santander.pl\/2024\/notatki\/#breadcrumb\",\"itemListElement\":[{\"@type\":\"ListItem\",\"position\":1,\"name\":\"Strona g\u0142\u00f3wna\",\"item\":\"https:\/\/esg.santander.pl\/2024\/\"},{\"@type\":\"ListItem\",\"position\":2,\"name\":\"Notatki\"}]},{\"@type\":\"WebSite\",\"@id\":\"https:\/\/esg.santander.pl\/2024\/#website\",\"url\":\"https:\/\/esg.santander.pl\/2024\/\",\"name\":\"Raport ESG Santander 2024\",\"description\":\"Strategia Grupy Kapita\u0142owej Santander Bank Polska S.A. na lata 2024-2026 wprowadza nowe kierunki rozwoju, zachowuj\u0105c niezmienne od lat fundamenty w postaci misji, wizji i warto\u015bci, kt\u00f3re towarzysz\u0105 naszej codziennej pracy. Strategia jest oparta na trzech kierunkach: Total Do\u015bwiadczenie, Total Digitalizacja, Total Odpowiedzialno\u015b\u0107.\",\"potentialAction\":[{\"@type\":\"SearchAction\",\"target\":{\"@type\":\"EntryPoint\",\"urlTemplate\":\"https:\/\/esg.santander.pl\/2024\/?s={search_term_string}\"},\"query-input\":{\"@type\":\"PropertyValueSpecification\",\"valueRequired\":true,\"valueName\":\"search_term_string\"}}],\"inLanguage\":\"pl-PL\"}]}<\/script>\n<!-- \/ Yoast SEO plugin. -->","yoast_head_json":{"title":"Notatki - Raport ESG Santander 2024","robots":{"index":"index","follow":"follow","max-snippet":"max-snippet:-1","max-image-preview":"max-image-preview:large","max-video-preview":"max-video-preview:-1"},"canonical":"https:\/\/esg.santander.pl\/2024\/notatki\/","og_locale":"pl_PL","og_type":"article","og_title":"Notatki - Raport ESG Santander 2024","og_url":"https:\/\/esg.santander.pl\/2024\/notatki\/","og_site_name":"Raport ESG Santander 2024","twitter_card":"summary_large_image","schema":{"@context":"https:\/\/schema.org","@graph":[{"@type":"WebPage","@id":"https:\/\/esg.santander.pl\/2024\/notatki\/","url":"https:\/\/esg.santander.pl\/2024\/notatki\/","name":"Notatki - Raport ESG Santander 2024","isPartOf":{"@id":"https:\/\/esg.santander.pl\/2024\/#website"},"datePublished":"2025-04-28T11:59:47+00:00","breadcrumb":{"@id":"https:\/\/esg.santander.pl\/2024\/notatki\/#breadcrumb"},"inLanguage":"pl-PL","potentialAction":[{"@type":"ReadAction","target":["https:\/\/esg.santander.pl\/2024\/notatki\/"]}]},{"@type":"BreadcrumbList","@id":"https:\/\/esg.santander.pl\/2024\/notatki\/#breadcrumb","itemListElement":[{"@type":"ListItem","position":1,"name":"Strona g\u0142\u00f3wna","item":"https:\/\/esg.santander.pl\/2024\/"},{"@type":"ListItem","position":2,"name":"Notatki"}]},{"@type":"WebSite","@id":"https:\/\/esg.santander.pl\/2024\/#website","url":"https:\/\/esg.santander.pl\/2024\/","name":"Raport ESG Santander 2024","description":"Strategia Grupy Kapita\u0142owej Santander Bank Polska S.A. na lata 2024-2026 wprowadza nowe kierunki rozwoju, zachowuj\u0105c niezmienne od lat fundamenty w postaci misji, wizji i warto\u015bci, kt\u00f3re towarzysz\u0105 naszej codziennej pracy. Strategia jest oparta na trzech kierunkach: Total Do\u015bwiadczenie, Total Digitalizacja, Total Odpowiedzialno\u015b\u0107.","potentialAction":[{"@type":"SearchAction","target":{"@type":"EntryPoint","urlTemplate":"https:\/\/esg.santander.pl\/2024\/?s={search_term_string}"},"query-input":{"@type":"PropertyValueSpecification","valueRequired":true,"valueName":"search_term_string"}}],"inLanguage":"pl-PL"}]}},"_links":{"self":[{"href":"https:\/\/esg.santander.pl\/2024\/wp-json\/wp\/v2\/pages\/272","targetHints":{"allow":["GET"]}}],"collection":[{"href":"https:\/\/esg.santander.pl\/2024\/wp-json\/wp\/v2\/pages"}],"about":[{"href":"https:\/\/esg.santander.pl\/2024\/wp-json\/wp\/v2\/types\/page"}],"author":[{"embeddable":true,"href":"https:\/\/esg.santander.pl\/2024\/wp-json\/wp\/v2\/users\/1"}],"replies":[{"embeddable":true,"href":"https:\/\/esg.santander.pl\/2024\/wp-json\/wp\/v2\/comments?post=272"}],"version-history":[{"count":1,"href":"https:\/\/esg.santander.pl\/2024\/wp-json\/wp\/v2\/pages\/272\/revisions"}],"predecessor-version":[{"id":273,"href":"https:\/\/esg.santander.pl\/2024\/wp-json\/wp\/v2\/pages\/272\/revisions\/273"}],"wp:attachment":[{"href":"https:\/\/esg.santander.pl\/2024\/wp-json\/wp\/v2\/media?parent=272"}],"wp:term":[{"taxonomy":"dictionary","embeddable":true,"href":"https:\/\/esg.santander.pl\/2024\/wp-json\/wp\/v2\/dictionary?post=272"}],"curies":[{"name":"wp","href":"https:\/\/api.w.org\/{rel}","templated":true}]}}