{"id":425,"date":"2025-05-02T14:50:24","date_gmt":"2025-05-02T12:50:24","guid":{"rendered":"https:\/\/esg.santander.pl\/2024\/?page_id=425"},"modified":"2025-07-04T14:16:20","modified_gmt":"2025-07-04T12:16:20","slug":"dzialania-i-zasoby-w-odniesieniu-do-polityki-klimatycznej-e1-3","status":"publish","type":"page","link":"https:\/\/esg.santander.pl\/2024\/informacje-o-srodowisku-zmiana-klimatu-esrs-e1\/dzialania-i-zasoby-w-odniesieniu-do-polityki-klimatycznej-e1-3\/","title":{"rendered":"Dzia\u0142ania i zasoby w odniesieniu do polityki klimatycznej <span class=\"brand\">(E1&#8209;3)<\/span>"},"content":{"rendered":"","protected":false},"excerpt":{"rendered":"","protected":false},"author":1,"featured_media":0,"parent":415,"menu_order":0,"comment_status":"closed","ping_status":"closed","template":"","meta":{"_acf_changed":false,"footnotes":""},"dictionary":[],"class_list":["post-425","page","type-page","status-publish","hentry"],"acf":[],"yoast_head":"<!-- This site is optimized with the Yoast SEO plugin v26.7 - https:\/\/yoast.com\/wordpress\/plugins\/seo\/ -->\n<title>Dzia\u0142ania i zasoby w odniesieniu do polityki klimatycznej (E1&#8209;3) - Raport ESG Santander 2024<\/title>\n<meta name=\"robots\" content=\"index, follow, max-snippet:-1, max-image-preview:large, max-video-preview:-1\" \/>\n<link rel=\"canonical\" href=\"https:\/\/esg.santander.pl\/2024\/informacje-o-srodowisku-zmiana-klimatu-esrs-e1\/dzialania-i-zasoby-w-odniesieniu-do-polityki-klimatycznej-e1-3\/\" \/>\n<meta property=\"og:locale\" content=\"pl_PL\" \/>\n<meta property=\"og:type\" content=\"article\" \/>\n<meta property=\"og:title\" content=\"Dzia\u0142ania i zasoby w odniesieniu do polityki klimatycznej (E1&#8209;3) - Raport ESG Santander 2024\" \/>\n<meta property=\"og:url\" content=\"https:\/\/esg.santander.pl\/2024\/informacje-o-srodowisku-zmiana-klimatu-esrs-e1\/dzialania-i-zasoby-w-odniesieniu-do-polityki-klimatycznej-e1-3\/\" \/>\n<meta property=\"og:site_name\" content=\"Raport ESG Santander 2024\" \/>\n<meta property=\"article:modified_time\" content=\"2025-07-04T12:16:20+00:00\" \/>\n<meta name=\"twitter:card\" content=\"summary_large_image\" \/>\n<script type=\"application\/ld+json\" class=\"yoast-schema-graph\">{\"@context\":\"https:\/\/schema.org\",\"@graph\":[{\"@type\":\"WebPage\",\"@id\":\"https:\/\/esg.santander.pl\/2024\/informacje-o-srodowisku-zmiana-klimatu-esrs-e1\/dzialania-i-zasoby-w-odniesieniu-do-polityki-klimatycznej-e1-3\/\",\"url\":\"https:\/\/esg.santander.pl\/2024\/informacje-o-srodowisku-zmiana-klimatu-esrs-e1\/dzialania-i-zasoby-w-odniesieniu-do-polityki-klimatycznej-e1-3\/\",\"name\":\"Dzia\u0142ania i zasoby w odniesieniu do polityki klimatycznej (E1&#8209;3) - Raport ESG Santander 2024\",\"isPartOf\":{\"@id\":\"https:\/\/esg.santander.pl\/2024\/#website\"},\"datePublished\":\"2025-05-02T12:50:24+00:00\",\"dateModified\":\"2025-07-04T12:16:20+00:00\",\"breadcrumb\":{\"@id\":\"https:\/\/esg.santander.pl\/2024\/informacje-o-srodowisku-zmiana-klimatu-esrs-e1\/dzialania-i-zasoby-w-odniesieniu-do-polityki-klimatycznej-e1-3\/#breadcrumb\"},\"inLanguage\":\"pl-PL\",\"potentialAction\":[{\"@type\":\"ReadAction\",\"target\":[\"https:\/\/esg.santander.pl\/2024\/informacje-o-srodowisku-zmiana-klimatu-esrs-e1\/dzialania-i-zasoby-w-odniesieniu-do-polityki-klimatycznej-e1-3\/\"]}]},{\"@type\":\"BreadcrumbList\",\"@id\":\"https:\/\/esg.santander.pl\/2024\/informacje-o-srodowisku-zmiana-klimatu-esrs-e1\/dzialania-i-zasoby-w-odniesieniu-do-polityki-klimatycznej-e1-3\/#breadcrumb\",\"itemListElement\":[{\"@type\":\"ListItem\",\"position\":1,\"name\":\"Strona g\u0142\u00f3wna\",\"item\":\"https:\/\/esg.santander.pl\/2024\/\"},{\"@type\":\"ListItem\",\"position\":2,\"name\":\"\u015arodowisko i klimat (ESRS E1)\",\"item\":\"https:\/\/esg.santander.pl\/2024\/informacje-o-srodowisku-zmiana-klimatu-esrs-e1\/\"},{\"@type\":\"ListItem\",\"position\":3,\"name\":\"Dzia\u0142ania i zasoby w odniesieniu do polityki klimatycznej (E1&#8209;3)\"}]},{\"@type\":\"WebSite\",\"@id\":\"https:\/\/esg.santander.pl\/2024\/#website\",\"url\":\"https:\/\/esg.santander.pl\/2024\/\",\"name\":\"Raport ESG Santander 2024\",\"description\":\"Strategia Grupy Kapita\u0142owej Santander Bank Polska S.A. na lata 2024-2026 wprowadza nowe kierunki rozwoju, zachowuj\u0105c niezmienne od lat fundamenty w postaci misji, wizji i warto\u015bci, kt\u00f3re towarzysz\u0105 naszej codziennej pracy. Strategia jest oparta na trzech kierunkach: Total Do\u015bwiadczenie, Total Digitalizacja, Total Odpowiedzialno\u015b\u0107.\",\"potentialAction\":[{\"@type\":\"SearchAction\",\"target\":{\"@type\":\"EntryPoint\",\"urlTemplate\":\"https:\/\/esg.santander.pl\/2024\/?s={search_term_string}\"},\"query-input\":{\"@type\":\"PropertyValueSpecification\",\"valueRequired\":true,\"valueName\":\"search_term_string\"}}],\"inLanguage\":\"pl-PL\"}]}<\/script>\n<!-- \/ Yoast SEO plugin. -->","yoast_head_json":{"title":"Dzia\u0142ania i zasoby w odniesieniu do polityki klimatycznej (E1&#8209;3) - Raport ESG Santander 2024","robots":{"index":"index","follow":"follow","max-snippet":"max-snippet:-1","max-image-preview":"max-image-preview:large","max-video-preview":"max-video-preview:-1"},"canonical":"https:\/\/esg.santander.pl\/2024\/informacje-o-srodowisku-zmiana-klimatu-esrs-e1\/dzialania-i-zasoby-w-odniesieniu-do-polityki-klimatycznej-e1-3\/","og_locale":"pl_PL","og_type":"article","og_title":"Dzia\u0142ania i zasoby w odniesieniu do polityki klimatycznej (E1&#8209;3) - Raport ESG Santander 2024","og_url":"https:\/\/esg.santander.pl\/2024\/informacje-o-srodowisku-zmiana-klimatu-esrs-e1\/dzialania-i-zasoby-w-odniesieniu-do-polityki-klimatycznej-e1-3\/","og_site_name":"Raport ESG Santander 2024","article_modified_time":"2025-07-04T12:16:20+00:00","twitter_card":"summary_large_image","schema":{"@context":"https:\/\/schema.org","@graph":[{"@type":"WebPage","@id":"https:\/\/esg.santander.pl\/2024\/informacje-o-srodowisku-zmiana-klimatu-esrs-e1\/dzialania-i-zasoby-w-odniesieniu-do-polityki-klimatycznej-e1-3\/","url":"https:\/\/esg.santander.pl\/2024\/informacje-o-srodowisku-zmiana-klimatu-esrs-e1\/dzialania-i-zasoby-w-odniesieniu-do-polityki-klimatycznej-e1-3\/","name":"Dzia\u0142ania i zasoby w odniesieniu do polityki klimatycznej (E1&#8209;3) - Raport ESG Santander 2024","isPartOf":{"@id":"https:\/\/esg.santander.pl\/2024\/#website"},"datePublished":"2025-05-02T12:50:24+00:00","dateModified":"2025-07-04T12:16:20+00:00","breadcrumb":{"@id":"https:\/\/esg.santander.pl\/2024\/informacje-o-srodowisku-zmiana-klimatu-esrs-e1\/dzialania-i-zasoby-w-odniesieniu-do-polityki-klimatycznej-e1-3\/#breadcrumb"},"inLanguage":"pl-PL","potentialAction":[{"@type":"ReadAction","target":["https:\/\/esg.santander.pl\/2024\/informacje-o-srodowisku-zmiana-klimatu-esrs-e1\/dzialania-i-zasoby-w-odniesieniu-do-polityki-klimatycznej-e1-3\/"]}]},{"@type":"BreadcrumbList","@id":"https:\/\/esg.santander.pl\/2024\/informacje-o-srodowisku-zmiana-klimatu-esrs-e1\/dzialania-i-zasoby-w-odniesieniu-do-polityki-klimatycznej-e1-3\/#breadcrumb","itemListElement":[{"@type":"ListItem","position":1,"name":"Strona g\u0142\u00f3wna","item":"https:\/\/esg.santander.pl\/2024\/"},{"@type":"ListItem","position":2,"name":"\u015arodowisko i klimat (ESRS E1)","item":"https:\/\/esg.santander.pl\/2024\/informacje-o-srodowisku-zmiana-klimatu-esrs-e1\/"},{"@type":"ListItem","position":3,"name":"Dzia\u0142ania i zasoby w odniesieniu do polityki klimatycznej (E1&#8209;3)"}]},{"@type":"WebSite","@id":"https:\/\/esg.santander.pl\/2024\/#website","url":"https:\/\/esg.santander.pl\/2024\/","name":"Raport ESG Santander 2024","description":"Strategia Grupy Kapita\u0142owej Santander Bank Polska S.A. na lata 2024-2026 wprowadza nowe kierunki rozwoju, zachowuj\u0105c niezmienne od lat fundamenty w postaci misji, wizji i warto\u015bci, kt\u00f3re towarzysz\u0105 naszej codziennej pracy. Strategia jest oparta na trzech kierunkach: Total Do\u015bwiadczenie, Total Digitalizacja, Total Odpowiedzialno\u015b\u0107.","potentialAction":[{"@type":"SearchAction","target":{"@type":"EntryPoint","urlTemplate":"https:\/\/esg.santander.pl\/2024\/?s={search_term_string}"},"query-input":{"@type":"PropertyValueSpecification","valueRequired":true,"valueName":"search_term_string"}}],"inLanguage":"pl-PL"}]}},"_links":{"self":[{"href":"https:\/\/esg.santander.pl\/2024\/wp-json\/wp\/v2\/pages\/425","targetHints":{"allow":["GET"]}}],"collection":[{"href":"https:\/\/esg.santander.pl\/2024\/wp-json\/wp\/v2\/pages"}],"about":[{"href":"https:\/\/esg.santander.pl\/2024\/wp-json\/wp\/v2\/types\/page"}],"author":[{"embeddable":true,"href":"https:\/\/esg.santander.pl\/2024\/wp-json\/wp\/v2\/users\/1"}],"replies":[{"embeddable":true,"href":"https:\/\/esg.santander.pl\/2024\/wp-json\/wp\/v2\/comments?post=425"}],"version-history":[{"count":11,"href":"https:\/\/esg.santander.pl\/2024\/wp-json\/wp\/v2\/pages\/425\/revisions"}],"predecessor-version":[{"id":2833,"href":"https:\/\/esg.santander.pl\/2024\/wp-json\/wp\/v2\/pages\/425\/revisions\/2833"}],"up":[{"embeddable":true,"href":"https:\/\/esg.santander.pl\/2024\/wp-json\/wp\/v2\/pages\/415"}],"wp:attachment":[{"href":"https:\/\/esg.santander.pl\/2024\/wp-json\/wp\/v2\/media?parent=425"}],"wp:term":[{"taxonomy":"dictionary","embeddable":true,"href":"https:\/\/esg.santander.pl\/2024\/wp-json\/wp\/v2\/dictionary?post=425"}],"curies":[{"name":"wp","href":"https:\/\/api.w.org\/{rel}","templated":true}]}}