{"id":298,"date":"2021-06-01T11:39:26","date_gmt":"2021-06-01T09:39:26","guid":{"rendered":"https:\/\/esg.santander.pl\/serwis\/?page_id=298"},"modified":"2021-07-06T15:30:07","modified_gmt":"2021-07-06T13:30:07","slug":"wydruki","status":"publish","type":"page","link":"https:\/\/esg.santander.pl\/serwis\/wydruki\/","title":{"rendered":"Wydruki"},"content":{"rendered":"","protected":false},"excerpt":{"rendered":"","protected":false},"author":1,"featured_media":0,"parent":0,"menu_order":22,"comment_status":"closed","ping_status":"closed","template":"templates\/template-print-basket.php","meta":{"_acf_changed":false,"footnotes":""},"sdg":[],"dictionary":[],"class_list":["post-298","page","type-page","status-publish","hentry"],"acf":[],"yoast_head":"<!-- This site is optimized with the Yoast SEO plugin v26.7 - https:\/\/yoast.com\/wordpress\/plugins\/seo\/ -->\n<title>Wydruki - Santander Serwis ESG<\/title>\n<meta name=\"robots\" content=\"index, follow, max-snippet:-1, max-image-preview:large, max-video-preview:-1\" \/>\n<link rel=\"canonical\" href=\"https:\/\/esg.santander.pl\/serwis\/wydruki\/\" \/>\n<meta property=\"og:locale\" content=\"pl_PL\" \/>\n<meta property=\"og:type\" content=\"article\" \/>\n<meta property=\"og:title\" content=\"Wydruki - Santander Serwis ESG\" \/>\n<meta property=\"og:url\" content=\"https:\/\/esg.santander.pl\/serwis\/wydruki\/\" \/>\n<meta property=\"og:site_name\" content=\"Santander Serwis ESG\" \/>\n<meta property=\"article:modified_time\" content=\"2021-07-06T13:30:07+00:00\" \/>\n<meta name=\"twitter:card\" content=\"summary_large_image\" \/>\n<script type=\"application\/ld+json\" class=\"yoast-schema-graph\">{\"@context\":\"https:\/\/schema.org\",\"@graph\":[{\"@type\":\"WebPage\",\"@id\":\"https:\/\/esg.santander.pl\/serwis\/wydruki\/\",\"url\":\"https:\/\/esg.santander.pl\/serwis\/wydruki\/\",\"name\":\"Wydruki - Santander Serwis ESG\",\"isPartOf\":{\"@id\":\"https:\/\/esg.santander.pl\/serwis\/#website\"},\"datePublished\":\"2021-06-01T09:39:26+00:00\",\"dateModified\":\"2021-07-06T13:30:07+00:00\",\"breadcrumb\":{\"@id\":\"https:\/\/esg.santander.pl\/serwis\/wydruki\/#breadcrumb\"},\"inLanguage\":\"pl-PL\",\"potentialAction\":[{\"@type\":\"ReadAction\",\"target\":[\"https:\/\/esg.santander.pl\/serwis\/wydruki\/\"]}]},{\"@type\":\"BreadcrumbList\",\"@id\":\"https:\/\/esg.santander.pl\/serwis\/wydruki\/#breadcrumb\",\"itemListElement\":[{\"@type\":\"ListItem\",\"position\":1,\"name\":\"Strona g\u0142\u00f3wna\",\"item\":\"https:\/\/esg.santander.pl\/serwis\/\"},{\"@type\":\"ListItem\",\"position\":2,\"name\":\"Wydruki\"}]},{\"@type\":\"WebSite\",\"@id\":\"https:\/\/esg.santander.pl\/serwis\/#website\",\"url\":\"https:\/\/esg.santander.pl\/serwis\/\",\"name\":\"Santander Serwis ESG\",\"description\":\"Pomimo pandemii nie zwolnili\u015bmy tempa w dzia\u0142aniach, kt\u00f3re umo\u017cliwiaj\u0105 nam i naszym klientom w byciu odpowiedzialnymi wobec \u015brodowiska i spo\u0142eczno\u015bci.\",\"potentialAction\":[{\"@type\":\"SearchAction\",\"target\":{\"@type\":\"EntryPoint\",\"urlTemplate\":\"https:\/\/esg.santander.pl\/serwis\/?s={search_term_string}\"},\"query-input\":{\"@type\":\"PropertyValueSpecification\",\"valueRequired\":true,\"valueName\":\"search_term_string\"}}],\"inLanguage\":\"pl-PL\"}]}<\/script>\n<!-- \/ Yoast SEO plugin. -->","yoast_head_json":{"title":"Wydruki - Santander Serwis ESG","robots":{"index":"index","follow":"follow","max-snippet":"max-snippet:-1","max-image-preview":"max-image-preview:large","max-video-preview":"max-video-preview:-1"},"canonical":"https:\/\/esg.santander.pl\/serwis\/wydruki\/","og_locale":"pl_PL","og_type":"article","og_title":"Wydruki - Santander Serwis ESG","og_url":"https:\/\/esg.santander.pl\/serwis\/wydruki\/","og_site_name":"Santander Serwis ESG","article_modified_time":"2021-07-06T13:30:07+00:00","twitter_card":"summary_large_image","schema":{"@context":"https:\/\/schema.org","@graph":[{"@type":"WebPage","@id":"https:\/\/esg.santander.pl\/serwis\/wydruki\/","url":"https:\/\/esg.santander.pl\/serwis\/wydruki\/","name":"Wydruki - Santander Serwis ESG","isPartOf":{"@id":"https:\/\/esg.santander.pl\/serwis\/#website"},"datePublished":"2021-06-01T09:39:26+00:00","dateModified":"2021-07-06T13:30:07+00:00","breadcrumb":{"@id":"https:\/\/esg.santander.pl\/serwis\/wydruki\/#breadcrumb"},"inLanguage":"pl-PL","potentialAction":[{"@type":"ReadAction","target":["https:\/\/esg.santander.pl\/serwis\/wydruki\/"]}]},{"@type":"BreadcrumbList","@id":"https:\/\/esg.santander.pl\/serwis\/wydruki\/#breadcrumb","itemListElement":[{"@type":"ListItem","position":1,"name":"Strona g\u0142\u00f3wna","item":"https:\/\/esg.santander.pl\/serwis\/"},{"@type":"ListItem","position":2,"name":"Wydruki"}]},{"@type":"WebSite","@id":"https:\/\/esg.santander.pl\/serwis\/#website","url":"https:\/\/esg.santander.pl\/serwis\/","name":"Santander Serwis ESG","description":"Pomimo pandemii nie zwolnili\u015bmy tempa w dzia\u0142aniach, kt\u00f3re umo\u017cliwiaj\u0105 nam i naszym klientom w byciu odpowiedzialnymi wobec \u015brodowiska i spo\u0142eczno\u015bci.","potentialAction":[{"@type":"SearchAction","target":{"@type":"EntryPoint","urlTemplate":"https:\/\/esg.santander.pl\/serwis\/?s={search_term_string}"},"query-input":{"@type":"PropertyValueSpecification","valueRequired":true,"valueName":"search_term_string"}}],"inLanguage":"pl-PL"}]}},"_links":{"self":[{"href":"https:\/\/esg.santander.pl\/serwis\/wp-json\/wp\/v2\/pages\/298","targetHints":{"allow":["GET"]}}],"collection":[{"href":"https:\/\/esg.santander.pl\/serwis\/wp-json\/wp\/v2\/pages"}],"about":[{"href":"https:\/\/esg.santander.pl\/serwis\/wp-json\/wp\/v2\/types\/page"}],"author":[{"embeddable":true,"href":"https:\/\/esg.santander.pl\/serwis\/wp-json\/wp\/v2\/users\/1"}],"replies":[{"embeddable":true,"href":"https:\/\/esg.santander.pl\/serwis\/wp-json\/wp\/v2\/comments?post=298"}],"version-history":[{"count":2,"href":"https:\/\/esg.santander.pl\/serwis\/wp-json\/wp\/v2\/pages\/298\/revisions"}],"predecessor-version":[{"id":3014,"href":"https:\/\/esg.santander.pl\/serwis\/wp-json\/wp\/v2\/pages\/298\/revisions\/3014"}],"wp:attachment":[{"href":"https:\/\/esg.santander.pl\/serwis\/wp-json\/wp\/v2\/media?parent=298"}],"wp:term":[{"taxonomy":"sdg","embeddable":true,"href":"https:\/\/esg.santander.pl\/serwis\/wp-json\/wp\/v2\/sdg?post=298"},{"taxonomy":"dictionary","embeddable":true,"href":"https:\/\/esg.santander.pl\/serwis\/wp-json\/wp\/v2\/dictionary?post=298"}],"curies":[{"name":"wp","href":"https:\/\/api.w.org\/{rel}","templated":true}]}}